{"id":2273,"date":"2024-09-30T15:44:49","date_gmt":"2024-09-30T15:44:49","guid":{"rendered":"https:\/\/camp-fire-stories.com\/?page_id=2273"},"modified":"2024-11-24T18:27:37","modified_gmt":"2024-11-24T16:27:37","slug":"kontakt","status":"publish","type":"page","link":"https:\/\/camp-fire-stories.com\/en\/kontakt\/","title":{"rendered":"Contact"},"content":{"rendered":"\t\t<div data-elementor-type=\"wp-page\" data-elementor-id=\"2273\" class=\"elementor elementor-2273\">\n\t\t\t\t<div class=\"elementor-element elementor-element-34685609 e-flex e-con-boxed e-con e-parent\" data-id=\"34685609\" data-element_type=\"container\" data-e-type=\"container\">\n\t\t\t\t\t<div class=\"e-con-inner\">\n\t\t\t\t<div class=\"elementor-element elementor-element-79bf7912 elementor-widget elementor-widget-text-editor\" data-id=\"79bf7912\" data-element_type=\"widget\" data-e-type=\"widget\" data-widget_type=\"text-editor.default\">\n\t\t\t\t<div class=\"elementor-widget-container\">\n\t\t\t\t\t\t\t\t\t<p><\/p>\n<div class=\"wp-block-spacer\" style=\"height: 100px;\" aria-hidden=\"true\">\u00a0<\/div>\n<p><\/p>\n<p>Du hast Fragen, Anregungen, W\u00fcnsche oder Beschwerden? Du willst einfach kurz hallo sagen? Melde dich gern \u00fcber meine Email oder direkt \u00fcber das Kontaktformular!<\/p>\n<p><\/p>\n<p>hello@camp-fire-stories.com<\/p>\n<p><\/p>\n<div class=\"wp-block-spacer\" style=\"height: 100px;\" aria-hidden=\"true\">\u00a0<\/div>\n<p><\/p>\t\t\t\t\t\t\t\t<\/div>\n\t\t\t\t<\/div>\n\t\t\t\t<div class=\"elementor-element elementor-element-c9f1f32 elementor-widget elementor-widget-wpforms\" data-id=\"c9f1f32\" data-element_type=\"widget\" data-e-type=\"widget\" data-widget_type=\"wpforms.default\">\n\t\t\t\t<div class=\"elementor-widget-container\">\n\t\t\t\t\t<div class=\"wpforms-container \" id=\"wpforms-2705\"><form id=\"wpforms-form-2705\" class=\"wpforms-validate wpforms-form wpforms-ajax-form\" data-formid=\"2705\" method=\"post\" enctype=\"multipart\/form-data\" action=\"\/en\/wp-json\/wp\/v2\/pages\/2273\" data-token=\"5f5b6129914a954a0a5e3beff4fdbca3\" data-token-time=\"1777036418\"><noscript class=\"wpforms-error-noscript\">Please enable JavaScript in your browser to complete this form.<\/noscript><div class=\"wpforms-field-container\"><div id=\"wpforms-2705-field_1-container\" class=\"wpforms-field wpforms-field-name\" data-field-id=\"1\"><label class=\"wpforms-field-label\">Name <span class=\"wpforms-required-label\">*<\/span><\/label><div class=\"wpforms-field-row wpforms-field-medium\"><div class=\"wpforms-field-row-block wpforms-first wpforms-one-half\"><input type=\"text\" id=\"wpforms-2705-field_1\" class=\"wpforms-field-name-first wpforms-field-required\" name=\"wpforms[fields][1][first]\" required><label for=\"wpforms-2705-field_1\" class=\"wpforms-field-sublabel after\">First<\/label><\/div><div class=\"wpforms-field-row-block wpforms-one-half\"><input type=\"text\" id=\"wpforms-2705-field_1-last\" class=\"wpforms-field-name-last wpforms-field-required\" name=\"wpforms[fields][1][last]\" required><label for=\"wpforms-2705-field_1-last\" class=\"wpforms-field-sublabel after\">Last<\/label><\/div><\/div><\/div>\t\t<div id=\"wpforms-2705-field_4-container\"\n\t\t\tclass=\"wpforms-field wpforms-field-text\"\n\t\t\tdata-field-type=\"text\"\n\t\t\tdata-field-id=\"4\"\n\t\t\t>\n\t\t\t<label class=\"wpforms-field-label\" for=\"wpforms-2705-field_4\" >oder E-Mail-Adresse Nachricht<\/label>\n\t\t\t<input type=\"text\" id=\"wpforms-2705-field_4\" class=\"wpforms-field-medium\" name=\"wpforms[fields][4]\" >\n\t\t<\/div>\n\t\t<div id=\"wpforms-2705-field_2-container\" class=\"wpforms-field wpforms-field-email\" data-field-id=\"2\"><label class=\"wpforms-field-label\" for=\"wpforms-2705-field_2\">E-Mail-Adresse <span class=\"wpforms-required-label\">*<\/span><\/label><input type=\"email\" id=\"wpforms-2705-field_2\" class=\"wpforms-field-medium wpforms-field-required\" name=\"wpforms[fields][2]\" spellcheck=\"false\" required><\/div><div id=\"wpforms-2705-field_3-container\" class=\"wpforms-field wpforms-field-textarea\" data-field-id=\"3\"><label class=\"wpforms-field-label\" for=\"wpforms-2705-field_3\">Kommentar oder Nachricht<\/label><textarea id=\"wpforms-2705-field_3\" class=\"wpforms-field-medium\" name=\"wpforms[fields][3]\" ><\/textarea><\/div><script>\n\t\t\t\t( function() {\n\t\t\t\t\tconst style = document.createElement( 'style' );\n\t\t\t\t\tstyle.appendChild( document.createTextNode( '#wpforms-2705-field_4-container { position: absolute !important; overflow: hidden !important; display: inline !important; height: 1px !important; width: 1px !important; z-index: -1000 !important; padding: 0 !important; } #wpforms-2705-field_4-container input { visibility: hidden; } #wpforms-conversational-form-page #wpforms-2705-field_4-container label { counter-increment: none; }' ) );\n\t\t\t\t\tdocument.head.appendChild( style );\n\t\t\t\t\tdocument.currentScript?.remove();\n\t\t\t\t} )();\n\t\t\t<\/script><\/div><!-- .wpforms-field-container --><div class=\"wpforms-submit-container\" ><input type=\"hidden\" name=\"wpforms[id]\" value=\"2705\"><input type=\"hidden\" name=\"page_title\" value=\"\"><input type=\"hidden\" name=\"page_url\" value=\"https:\/\/camp-fire-stories.com\/en\/wp-json\/wp\/v2\/pages\/2273\"><input type=\"hidden\" name=\"url_referer\" value=\"\"><button type=\"submit\" name=\"wpforms[submit]\" id=\"wpforms-submit-2705\" class=\"wpforms-submit\" data-alt-text=\"Wird gesendet\u00a0\u2026\" data-submit-text=\"Absenden\" aria-live=\"assertive\" value=\"wpforms-submit\">Absenden<\/button><img decoding=\"async\" src=\"https:\/\/camp-fire-stories.com\/wp-content\/plugins\/wpforms-lite\/assets\/images\/submit-spin.svg\" class=\"wpforms-submit-spinner\" style=\"display: none;\" width=\"26\" height=\"26\" alt=\"Loading\"><\/div><\/form><\/div>  <!-- .wpforms-container -->\t\t\t\t<\/div>\n\t\t\t\t<\/div>\n\t\t\t\t\t<\/div>\n\t\t\t\t<\/div>\n\t\t\t\t<\/div>\n\t\t","protected":false},"excerpt":{"rendered":"<p>Du hast Fragen, Anregungen, W\u00fcnsche oder Beschwerden? Du willst einfach kurz hallo sagen? Melde dich gern \u00fcber meine Email oder [&hellip;]<\/p>\n","protected":false},"author":1,"featured_media":0,"parent":0,"menu_order":0,"comment_status":"closed","ping_status":"closed","template":"","meta":{"_uag_custom_page_level_css":"","_monsterinsights_skip_tracking":false,"_monsterinsights_sitenote_active":false,"_monsterinsights_sitenote_note":"","_monsterinsights_sitenote_category":0,"site-sidebar-layout":"default","site-content-layout":"","ast-site-content-layout":"default","site-content-style":"default","site-sidebar-style":"default","ast-global-header-display":"","ast-banner-title-visibility":"","ast-main-header-display":"","ast-hfb-above-header-display":"","ast-hfb-below-header-display":"","ast-hfb-mobile-header-display":"","site-post-title":"","ast-breadcrumbs-content":"","ast-featured-img":"","footer-sml-layout":"","ast-disable-related-posts":"","theme-transparent-header-meta":"","adv-header-id-meta":"","stick-header-meta":"","header-above-stick-meta":"","header-main-stick-meta":"","header-below-stick-meta":"","astra-migrate-meta-layouts":"set","ast-page-background-enabled":"default","ast-page-background-meta":{"desktop":{"background-color":"var(--ast-global-color-4)","background-image":"","background-repeat":"repeat","background-position":"center center","background-size":"auto","background-attachment":"scroll","background-type":"","background-media":"","overlay-type":"","overlay-color":"","overlay-opacity":"","overlay-gradient":""},"tablet":{"background-color":"","background-image":"","background-repeat":"repeat","background-position":"center center","background-size":"auto","background-attachment":"scroll","background-type":"","background-media":"","overlay-type":"","overlay-color":"","overlay-opacity":"","overlay-gradient":""},"mobile":{"background-color":"","background-image":"","background-repeat":"repeat","background-position":"center center","background-size":"auto","background-attachment":"scroll","background-type":"","background-media":"","overlay-type":"","overlay-color":"","overlay-opacity":"","overlay-gradient":""}},"ast-content-background-meta":{"desktop":{"background-color":"var(--ast-global-color-5)","background-image":"","background-repeat":"repeat","background-position":"center center","background-size":"auto","background-attachment":"scroll","background-type":"","background-media":"","overlay-type":"","overlay-color":"","overlay-opacity":"","overlay-gradient":""},"tablet":{"background-color":"var(--ast-global-color-5)","background-image":"","background-repeat":"repeat","background-position":"center center","background-size":"auto","background-attachment":"scroll","background-type":"","background-media":"","overlay-type":"","overlay-color":"","overlay-opacity":"","overlay-gradient":""},"mobile":{"background-color":"var(--ast-global-color-5)","background-image":"","background-repeat":"repeat","background-position":"center center","background-size":"auto","background-attachment":"scroll","background-type":"","background-media":"","overlay-type":"","overlay-color":"","overlay-opacity":"","overlay-gradient":""}},"footnotes":""},"class_list":["post-2273","page","type-page","status-publish","hentry"],"yoast_head":"<!-- This site is optimized with the Yoast SEO plugin v27.4 - https:\/\/yoast.com\/product\/yoast-seo-wordpress\/ -->\n<title>Kontakt - camp-fire-stories<\/title>\n<meta name=\"robots\" content=\"index, follow, max-snippet:-1, max-image-preview:large, max-video-preview:-1\" \/>\n<link rel=\"canonical\" href=\"https:\/\/camp-fire-stories.com\/en\/kontakt\/\" \/>\n<meta property=\"og:locale\" content=\"en_GB\" \/>\n<meta property=\"og:type\" content=\"article\" \/>\n<meta property=\"og:title\" content=\"Kontakt - camp-fire-stories\" \/>\n<meta property=\"og:description\" content=\"Du hast Fragen, Anregungen, W\u00fcnsche oder Beschwerden? Du willst einfach kurz hallo sagen? Melde dich gern \u00fcber meine Email oder [&hellip;]\" \/>\n<meta property=\"og:url\" content=\"https:\/\/camp-fire-stories.com\/en\/kontakt\/\" \/>\n<meta property=\"og:site_name\" content=\"camp-fire-stories\" \/>\n<meta property=\"article:modified_time\" content=\"2024-11-24T16:27:37+00:00\" \/>\n<meta property=\"og:image\" content=\"https:\/\/camp-fire-stories.com\/wp-content\/plugins\/wpforms-lite\/assets\/images\/submit-spin.svg\" \/>\n<meta name=\"twitter:card\" content=\"summary_large_image\" \/>\n<script type=\"application\/ld+json\" class=\"yoast-schema-graph\">{\"@context\":\"https:\\\/\\\/schema.org\",\"@graph\":[{\"@type\":\"WebPage\",\"@id\":\"https:\\\/\\\/camp-fire-stories.com\\\/kontakt\\\/\",\"url\":\"https:\\\/\\\/camp-fire-stories.com\\\/kontakt\\\/\",\"name\":\"Kontakt - camp-fire-stories\",\"isPartOf\":{\"@id\":\"https:\\\/\\\/camp-fire-stories.com\\\/#website\"},\"primaryImageOfPage\":{\"@id\":\"https:\\\/\\\/camp-fire-stories.com\\\/kontakt\\\/#primaryimage\"},\"image\":{\"@id\":\"https:\\\/\\\/camp-fire-stories.com\\\/kontakt\\\/#primaryimage\"},\"thumbnailUrl\":\"https:\\\/\\\/camp-fire-stories.com\\\/wp-content\\\/plugins\\\/wpforms-lite\\\/assets\\\/images\\\/submit-spin.svg\",\"datePublished\":\"2024-09-30T15:44:49+00:00\",\"dateModified\":\"2024-11-24T16:27:37+00:00\",\"breadcrumb\":{\"@id\":\"https:\\\/\\\/camp-fire-stories.com\\\/kontakt\\\/#breadcrumb\"},\"inLanguage\":\"en-GB\",\"potentialAction\":[{\"@type\":\"ReadAction\",\"target\":[\"https:\\\/\\\/camp-fire-stories.com\\\/kontakt\\\/\"]}]},{\"@type\":\"ImageObject\",\"inLanguage\":\"en-GB\",\"@id\":\"https:\\\/\\\/camp-fire-stories.com\\\/kontakt\\\/#primaryimage\",\"url\":\"https:\\\/\\\/camp-fire-stories.com\\\/wp-content\\\/plugins\\\/wpforms-lite\\\/assets\\\/images\\\/submit-spin.svg\",\"contentUrl\":\"https:\\\/\\\/camp-fire-stories.com\\\/wp-content\\\/plugins\\\/wpforms-lite\\\/assets\\\/images\\\/submit-spin.svg\"},{\"@type\":\"BreadcrumbList\",\"@id\":\"https:\\\/\\\/camp-fire-stories.com\\\/kontakt\\\/#breadcrumb\",\"itemListElement\":[{\"@type\":\"ListItem\",\"position\":1,\"name\":\"Start\",\"item\":\"https:\\\/\\\/camp-fire-stories.com\\\/\"},{\"@type\":\"ListItem\",\"position\":2,\"name\":\"Kontakt\"}]},{\"@type\":\"WebSite\",\"@id\":\"https:\\\/\\\/camp-fire-stories.com\\\/#website\",\"url\":\"https:\\\/\\\/camp-fire-stories.com\\\/\",\"name\":\"camp-fire-stories\",\"description\":\"\",\"publisher\":{\"@id\":\"https:\\\/\\\/camp-fire-stories.com\\\/#\\\/schema\\\/person\\\/f2a9beee6aa3793593d36170442a4aba\"},\"potentialAction\":[{\"@type\":\"SearchAction\",\"target\":{\"@type\":\"EntryPoint\",\"urlTemplate\":\"https:\\\/\\\/camp-fire-stories.com\\\/?s={search_term_string}\"},\"query-input\":{\"@type\":\"PropertyValueSpecification\",\"valueRequired\":true,\"valueName\":\"search_term_string\"}}],\"inLanguage\":\"en-GB\"},{\"@type\":[\"Person\",\"Organization\"],\"@id\":\"https:\\\/\\\/camp-fire-stories.com\\\/#\\\/schema\\\/person\\\/f2a9beee6aa3793593d36170442a4aba\",\"name\":\"celina\",\"image\":{\"@type\":\"ImageObject\",\"inLanguage\":\"en-GB\",\"@id\":\"https:\\\/\\\/camp-fire-stories.com\\\/wp-content\\\/uploads\\\/2024\\\/09\\\/cropped-cropped-logo-1-e1729957804762.webp\",\"url\":\"https:\\\/\\\/camp-fire-stories.com\\\/wp-content\\\/uploads\\\/2024\\\/09\\\/cropped-cropped-logo-1-e1729957804762.webp\",\"contentUrl\":\"https:\\\/\\\/camp-fire-stories.com\\\/wp-content\\\/uploads\\\/2024\\\/09\\\/cropped-cropped-logo-1-e1729957804762.webp\",\"width\":125,\"height\":123,\"caption\":\"celina\"},\"logo\":{\"@id\":\"https:\\\/\\\/camp-fire-stories.com\\\/wp-content\\\/uploads\\\/2024\\\/09\\\/cropped-cropped-logo-1-e1729957804762.webp\"},\"sameAs\":[\"http:\\\/\\\/camp-fire-stories.com\"]}]}<\/script>\n<!-- \/ Yoast SEO plugin. -->","yoast_head_json":{"title":"Kontakt - camp-fire-stories","robots":{"index":"index","follow":"follow","max-snippet":"max-snippet:-1","max-image-preview":"max-image-preview:large","max-video-preview":"max-video-preview:-1"},"canonical":"https:\/\/camp-fire-stories.com\/en\/kontakt\/","og_locale":"en_GB","og_type":"article","og_title":"Kontakt - camp-fire-stories","og_description":"Du hast Fragen, Anregungen, W\u00fcnsche oder Beschwerden? Du willst einfach kurz hallo sagen? Melde dich gern \u00fcber meine Email oder [&hellip;]","og_url":"https:\/\/camp-fire-stories.com\/en\/kontakt\/","og_site_name":"camp-fire-stories","article_modified_time":"2024-11-24T16:27:37+00:00","og_image":[{"url":"https:\/\/camp-fire-stories.com\/wp-content\/plugins\/wpforms-lite\/assets\/images\/submit-spin.svg","type":"","width":"","height":""}],"twitter_card":"summary_large_image","schema":{"@context":"https:\/\/schema.org","@graph":[{"@type":"WebPage","@id":"https:\/\/camp-fire-stories.com\/kontakt\/","url":"https:\/\/camp-fire-stories.com\/kontakt\/","name":"Kontakt - camp-fire-stories","isPartOf":{"@id":"https:\/\/camp-fire-stories.com\/#website"},"primaryImageOfPage":{"@id":"https:\/\/camp-fire-stories.com\/kontakt\/#primaryimage"},"image":{"@id":"https:\/\/camp-fire-stories.com\/kontakt\/#primaryimage"},"thumbnailUrl":"https:\/\/camp-fire-stories.com\/wp-content\/plugins\/wpforms-lite\/assets\/images\/submit-spin.svg","datePublished":"2024-09-30T15:44:49+00:00","dateModified":"2024-11-24T16:27:37+00:00","breadcrumb":{"@id":"https:\/\/camp-fire-stories.com\/kontakt\/#breadcrumb"},"inLanguage":"en-GB","potentialAction":[{"@type":"ReadAction","target":["https:\/\/camp-fire-stories.com\/kontakt\/"]}]},{"@type":"ImageObject","inLanguage":"en-GB","@id":"https:\/\/camp-fire-stories.com\/kontakt\/#primaryimage","url":"https:\/\/camp-fire-stories.com\/wp-content\/plugins\/wpforms-lite\/assets\/images\/submit-spin.svg","contentUrl":"https:\/\/camp-fire-stories.com\/wp-content\/plugins\/wpforms-lite\/assets\/images\/submit-spin.svg"},{"@type":"BreadcrumbList","@id":"https:\/\/camp-fire-stories.com\/kontakt\/#breadcrumb","itemListElement":[{"@type":"ListItem","position":1,"name":"Start","item":"https:\/\/camp-fire-stories.com\/"},{"@type":"ListItem","position":2,"name":"Kontakt"}]},{"@type":"WebSite","@id":"https:\/\/camp-fire-stories.com\/#website","url":"https:\/\/camp-fire-stories.com\/","name":"camp-fire-stories","description":"","publisher":{"@id":"https:\/\/camp-fire-stories.com\/#\/schema\/person\/f2a9beee6aa3793593d36170442a4aba"},"potentialAction":[{"@type":"SearchAction","target":{"@type":"EntryPoint","urlTemplate":"https:\/\/camp-fire-stories.com\/?s={search_term_string}"},"query-input":{"@type":"PropertyValueSpecification","valueRequired":true,"valueName":"search_term_string"}}],"inLanguage":"en-GB"},{"@type":["Person","Organization"],"@id":"https:\/\/camp-fire-stories.com\/#\/schema\/person\/f2a9beee6aa3793593d36170442a4aba","name":"celina","image":{"@type":"ImageObject","inLanguage":"en-GB","@id":"https:\/\/camp-fire-stories.com\/wp-content\/uploads\/2024\/09\/cropped-cropped-logo-1-e1729957804762.webp","url":"https:\/\/camp-fire-stories.com\/wp-content\/uploads\/2024\/09\/cropped-cropped-logo-1-e1729957804762.webp","contentUrl":"https:\/\/camp-fire-stories.com\/wp-content\/uploads\/2024\/09\/cropped-cropped-logo-1-e1729957804762.webp","width":125,"height":123,"caption":"celina"},"logo":{"@id":"https:\/\/camp-fire-stories.com\/wp-content\/uploads\/2024\/09\/cropped-cropped-logo-1-e1729957804762.webp"},"sameAs":["http:\/\/camp-fire-stories.com"]}]}},"uagb_featured_image_src":{"full":false,"thumbnail":false,"medium":false,"medium_large":false,"large":false,"1536x1536":false,"2048x2048":false,"trp-custom-language-flag":false},"uagb_author_info":{"display_name":"celina","author_link":"https:\/\/camp-fire-stories.com\/en\/author\/celinafetzgmail-com\/"},"uagb_comment_info":0,"uagb_excerpt":"Du hast Fragen, Anregungen, W\u00fcnsche oder Beschwerden? Du willst einfach kurz hallo sagen? Melde dich gern \u00fcber meine Email oder [&hellip;]","_links":{"self":[{"href":"https:\/\/camp-fire-stories.com\/en\/wp-json\/wp\/v2\/pages\/2273","targetHints":{"allow":["GET"]}}],"collection":[{"href":"https:\/\/camp-fire-stories.com\/en\/wp-json\/wp\/v2\/pages"}],"about":[{"href":"https:\/\/camp-fire-stories.com\/en\/wp-json\/wp\/v2\/types\/page"}],"author":[{"embeddable":true,"href":"https:\/\/camp-fire-stories.com\/en\/wp-json\/wp\/v2\/users\/1"}],"replies":[{"embeddable":true,"href":"https:\/\/camp-fire-stories.com\/en\/wp-json\/wp\/v2\/comments?post=2273"}],"version-history":[{"count":9,"href":"https:\/\/camp-fire-stories.com\/en\/wp-json\/wp\/v2\/pages\/2273\/revisions"}],"predecessor-version":[{"id":2715,"href":"https:\/\/camp-fire-stories.com\/en\/wp-json\/wp\/v2\/pages\/2273\/revisions\/2715"}],"wp:attachment":[{"href":"https:\/\/camp-fire-stories.com\/en\/wp-json\/wp\/v2\/media?parent=2273"}],"curies":[{"name":"wp","href":"https:\/\/api.w.org\/{rel}","templated":true}]}}