{"id":2267,"date":"2024-09-30T15:42:01","date_gmt":"2024-09-30T15:42:01","guid":{"rendered":"https:\/\/camp-fire-stories.com\/?page_id=2267"},"modified":"2026-01-16T14:32:45","modified_gmt":"2026-01-16T12:32:45","slug":"oceania","status":"publish","type":"page","link":"https:\/\/camp-fire-stories.com\/en\/countries\/oceania\/","title":{"rendered":"oceania"},"content":{"rendered":"<div style=\"height:100px\" aria-hidden=\"true\" class=\"wp-block-spacer\"><\/div>\n\n\n\n<div class=\"wp-block-interactive-geo-maps-display-map\"><div class=\"map_wrapper\" id=\"map_wrapper_2666\">\n<div class=\"map_box\" style=\"max-width:2000px\">\n<div class=\"map_aspect_ratio\" style=\"padding-top:56%\" data-padding-top=\"56%\" data-padding-top-mobile=\"0%\">\n<div class=\"map_container\">\n<div class=\"map_render map_loading\" id=\"map_2666\"><\/div>\n<\/div>\n<\/div>\n<\/div>\n<\/div><\/div>\n\n\n\n<p class=\"has-text-align-center\">wenn du mit der Maus auf ein Land f\u00e4hrst, und &gt;&gt; vorm L\u00e4ndernamen erscheint, dann gibt&#8217;s dazu einen Post &#8211; klick drauf! \ud83d\ude42<\/p>\n\n\n\n<div style=\"height:100px\" aria-hidden=\"true\" class=\"wp-block-spacer\"><\/div>\n\n\n\n\t\t\t<div class=\"wp-block-uagb-post-grid uagb-post-grid  uagb-post__image-position-top uagb-post__image-enabled uagb-block-144292dc     uagb-post__items uagb-post__columns-3 is-grid uagb-post__columns-tablet-2 uagb-post__columns-mobile-1 uagb-post__equal-height\" data-total=\"1\" style=\"\">\n\n\t\t\t\t\t\t\t\t\t\t\t\t<article class=\"uagb-post__inner-wrap\">\t\t\t\t\t\t\t\t<div class='uagb-post__image'>\n\t\t\t\t\t\t\t\t\t<a href=\"https:\/\/camp-fire-stories.com\/en\/neuseeland-kapitel-1-suedinsel\/\" target=\"_self\" rel=\"bookmark noopener noreferrer\" class='uagb-image-ratio-2-3'><img fetchpriority=\"high\" decoding=\"async\" width=\"1024\" height=\"768\" src=\"https:\/\/camp-fire-stories.com\/wp-content\/uploads\/2024\/11\/ben-lomond-view.jpeg\" class=\"attachment-large size-large\" alt=\"\" srcset=\"https:\/\/camp-fire-stories.com\/wp-content\/uploads\/2024\/11\/ben-lomond-view.jpeg 1024w, https:\/\/camp-fire-stories.com\/wp-content\/uploads\/2024\/11\/ben-lomond-view-300x225.jpeg 300w, https:\/\/camp-fire-stories.com\/wp-content\/uploads\/2024\/11\/ben-lomond-view-768x576.jpeg 768w, https:\/\/camp-fire-stories.com\/wp-content\/uploads\/2024\/11\/ben-lomond-view-16x12.jpeg 16w\" sizes=\"(max-width: 1024px) 100vw, 1024px\" \/>\t\t\t\t\t<\/a>\n\t\t\t\t\t\t\t<\/div>\n\t\t\t<div class=\"uag-post-grid-wrapper\">\t\t\t<h4 class=\"uagb-post__title uagb-post__text\">\n\t\t\t\t<a href=\"https:\/\/camp-fire-stories.com\/en\/neuseeland-kapitel-1-suedinsel\/\" target=\"_self\" rel=\"bookmark noopener noreferrer\">New Zealand - Chapter 1 - South Island<\/a>\n\t\t\t<\/h4>\n\t\t\t\t\t\t<div class='uagb-post__text uagb-post-grid-byline'>\n\t\t\t\t\t\t\t\t<time datetime=\"2024-12-01T12:29:41+02:00\" class=\"uagb-post__date\">\n\t\t\t\t<span class=\"dashicons-calendar dashicons\"><\/span>\t\t\t\t\t12\/01\/2024\t\t\t\t<\/time>\n\t\t\t\t\t\t\t<span class=\"uagb-post__comment\">\n\t\t\t\t<span class=\"dashicons-admin-comments dashicons\"><\/span>\t\t\t\t\tNo Comments\t\t\t\t<\/span>\n\t\t\t\t\t\t<\/div>\n\t\t\t\t\t\t\t<div class='uagb-post__text uagb-post__excerpt'>\n\t\t\t\t\t<p>Sei gewarnt, das hier k\u00f6nnte l\u00e4nger dauern. Auch der zweite Teil. Aber ich hoff, das&#8230;\t\t\t\t<\/div>\n\t\t\t\t\t\t<div class=\"uagb-post__text uagb-post__cta wp-block-button\">\n\t\t\t\t<a class=\"wp-block-button__link uagb-text-link\" style=\"\" href=\"https:\/\/camp-fire-stories.com\/en\/neuseeland-kapitel-1-suedinsel\/\" target=\"_self\" rel=\"bookmark noopener noreferrer\">Read More<\/a>\n\t\t\t<\/div>\n\t\t\t<\/div>\n\t\t\t\t\t\t\t\t\t<\/article>\n\t\t\t\t\t\t\t\t\t\t\t\t\t\t\t\t<article class=\"uagb-post__inner-wrap\">\t\t\t\t\t\t\t\t<div class='uagb-post__image'>\n\t\t\t\t\t\t\t\t\t<a href=\"https:\/\/camp-fire-stories.com\/en\/neuseeland-kapitel-2-nordinsel\/\" target=\"_self\" rel=\"bookmark noopener noreferrer\" class='uagb-image-ratio-2-3'><img decoding=\"async\" width=\"1024\" height=\"768\" src=\"https:\/\/camp-fire-stories.com\/wp-content\/uploads\/2024\/12\/taupo-sunset.jpeg\" class=\"attachment-large size-large\" alt=\"Knallroter und oranger Sonnenuntergang spiegelt sich im Lake Taupo, Neuseeland.\" srcset=\"https:\/\/camp-fire-stories.com\/wp-content\/uploads\/2024\/12\/taupo-sunset.jpeg 1024w, https:\/\/camp-fire-stories.com\/wp-content\/uploads\/2024\/12\/taupo-sunset-300x225.jpeg 300w, https:\/\/camp-fire-stories.com\/wp-content\/uploads\/2024\/12\/taupo-sunset-768x576.jpeg 768w, https:\/\/camp-fire-stories.com\/wp-content\/uploads\/2024\/12\/taupo-sunset-16x12.webp 16w\" sizes=\"(max-width: 1024px) 100vw, 1024px\" \/>\t\t\t\t\t<\/a>\n\t\t\t\t\t\t\t<\/div>\n\t\t\t<div class=\"uag-post-grid-wrapper\">\t\t\t<h4 class=\"uagb-post__title uagb-post__text\">\n\t\t\t\t<a href=\"https:\/\/camp-fire-stories.com\/en\/neuseeland-kapitel-2-nordinsel\/\" target=\"_self\" rel=\"bookmark noopener noreferrer\">New Zealand - Chapter 2 - North Island<\/a>\n\t\t\t<\/h4>\n\t\t\t\t\t\t<div class='uagb-post__text uagb-post-grid-byline'>\n\t\t\t\t\t\t\t\t<time datetime=\"2024-12-01T12:28:29+02:00\" class=\"uagb-post__date\">\n\t\t\t\t<span class=\"dashicons-calendar dashicons\"><\/span>\t\t\t\t\t12\/01\/2024\t\t\t\t<\/time>\n\t\t\t\t\t\t\t<span class=\"uagb-post__comment\">\n\t\t\t\t<span class=\"dashicons-admin-comments dashicons\"><\/span>\t\t\t\t\tNo Comments\t\t\t\t<\/span>\n\t\t\t\t\t\t<\/div>\n\t\t\t\t\t\t\t<div class='uagb-post__text uagb-post__excerpt'>\n\t\t\t\t\t<p>Kapitel 1 lesen WELLINGTON \u2026 ist richtig cool! Ich war \u00fcberrascht. Nach so vielen halb&#8230;\t\t\t\t<\/div>\n\t\t\t\t\t\t<div class=\"uagb-post__text uagb-post__cta wp-block-button\">\n\t\t\t\t<a class=\"wp-block-button__link uagb-text-link\" style=\"\" href=\"https:\/\/camp-fire-stories.com\/en\/neuseeland-kapitel-2-nordinsel\/\" target=\"_self\" rel=\"bookmark noopener noreferrer\">Read More<\/a>\n\t\t\t<\/div>\n\t\t\t<\/div>\n\t\t\t\t\t\t\t\t\t<\/article>\n\t\t\t\t\t\t\t\t\t\t\t\t\t\t\t\t<article class=\"uagb-post__inner-wrap\">\t\t\t\t\t\t\t\t<div class='uagb-post__image'>\n\t\t\t\t\t\t\t\t\t<a href=\"https:\/\/camp-fire-stories.com\/en\/die-besten-wanderungen-in-neuseeland\/\" target=\"_self\" rel=\"bookmark noopener noreferrer\" class='uagb-image-ratio-2-3'><img decoding=\"async\" width=\"768\" height=\"1024\" src=\"https:\/\/camp-fire-stories.com\/wp-content\/uploads\/2024\/11\/hiking-boots.jpeg\" class=\"attachment-large size-large\" alt=\"Wanderschuhe auf sandigem Untergrund.\" srcset=\"https:\/\/camp-fire-stories.com\/wp-content\/uploads\/2024\/11\/hiking-boots.jpeg 768w, https:\/\/camp-fire-stories.com\/wp-content\/uploads\/2024\/11\/hiking-boots-225x300.jpeg 225w, https:\/\/camp-fire-stories.com\/wp-content\/uploads\/2024\/11\/hiking-boots-9x12.webp 9w\" sizes=\"(max-width: 768px) 100vw, 768px\" \/>\t\t\t\t\t<\/a>\n\t\t\t\t\t\t\t<\/div>\n\t\t\t<div class=\"uag-post-grid-wrapper\">\t\t\t<h4 class=\"uagb-post__title uagb-post__text\">\n\t\t\t\t<a href=\"https:\/\/camp-fire-stories.com\/en\/die-besten-wanderungen-in-neuseeland\/\" target=\"_self\" rel=\"bookmark noopener noreferrer\">The best hikes in New Zealand<\/a>\n\t\t\t<\/h4>\n\t\t\t\t\t\t<div class='uagb-post__text uagb-post-grid-byline'>\n\t\t\t\t\t\t\t\t<time datetime=\"2024-11-30T14:34:38+02:00\" class=\"uagb-post__date\">\n\t\t\t\t<span class=\"dashicons-calendar dashicons\"><\/span>\t\t\t\t\t11\/30\/2024\t\t\t\t<\/time>\n\t\t\t\t\t\t\t<span class=\"uagb-post__comment\">\n\t\t\t\t<span class=\"dashicons-admin-comments dashicons\"><\/span>\t\t\t\t\tNo Comments\t\t\t\t<\/span>\n\t\t\t\t\t\t<\/div>\n\t\t\t\t\t\t\t<div class='uagb-post__text uagb-post__excerpt'>\n\t\t\t\t\t<p>Lass mich erkl\u00e4ren: Ich hab wahnsinnig viel \u00fcber dieses Land zu erz\u00e4hlen, deshalb hab ich&#8230;\t\t\t\t<\/div>\n\t\t\t\t\t\t<div class=\"uagb-post__text uagb-post__cta wp-block-button\">\n\t\t\t\t<a class=\"wp-block-button__link uagb-text-link\" style=\"\" href=\"https:\/\/camp-fire-stories.com\/en\/die-besten-wanderungen-in-neuseeland\/\" target=\"_self\" rel=\"bookmark noopener noreferrer\">Read More<\/a>\n\t\t\t<\/div>\n\t\t\t<\/div>\n\t\t\t\t\t\t\t\t\t<\/article>\n\t\t\t\t\t\t\t\t\t\t\t\t\t\t\t\t<article class=\"uagb-post__inner-wrap\">\t\t\t\t\t\t\t\t<div class='uagb-post__image'>\n\t\t\t\t\t\t\t\t\t<a href=\"https:\/\/camp-fire-stories.com\/en\/superhelden-tragen-keinen-umhang\/\" target=\"_self\" rel=\"bookmark noopener noreferrer\" class='uagb-image-ratio-2-3'><img loading=\"lazy\" decoding=\"async\" width=\"351\" height=\"351\" src=\"https:\/\/camp-fire-stories.com\/wp-content\/uploads\/2024\/10\/tongariro-sign-edited.webp\" class=\"attachment-large size-large\" alt=\"Schild, das den Anfang des Tongariro Alpine Crossings zeigt\" srcset=\"https:\/\/camp-fire-stories.com\/wp-content\/uploads\/2024\/10\/tongariro-sign-edited.webp 351w, https:\/\/camp-fire-stories.com\/wp-content\/uploads\/2024\/10\/tongariro-sign-edited-300x300.webp 300w, https:\/\/camp-fire-stories.com\/wp-content\/uploads\/2024\/10\/tongariro-sign-edited-150x150.webp 150w, https:\/\/camp-fire-stories.com\/wp-content\/uploads\/2024\/10\/tongariro-sign-edited-12x12.webp 12w\" sizes=\"(max-width: 351px) 100vw, 351px\" \/>\t\t\t\t\t<\/a>\n\t\t\t\t\t\t\t<\/div>\n\t\t\t<div class=\"uag-post-grid-wrapper\">\t\t\t<h4 class=\"uagb-post__title uagb-post__text\">\n\t\t\t\t<a href=\"https:\/\/camp-fire-stories.com\/en\/superhelden-tragen-keinen-umhang\/\" target=\"_self\" rel=\"bookmark noopener noreferrer\">superheroes don't wear capes<\/a>\n\t\t\t<\/h4>\n\t\t\t\t\t\t<div class='uagb-post__text uagb-post-grid-byline'>\n\t\t\t\t\t\t\t\t<time datetime=\"2024-10-21T16:55:09+02:00\" class=\"uagb-post__date\">\n\t\t\t\t<span class=\"dashicons-calendar dashicons\"><\/span>\t\t\t\t\t10\/21\/2024\t\t\t\t<\/time>\n\t\t\t\t\t\t\t<span class=\"uagb-post__comment\">\n\t\t\t\t<span class=\"dashicons-admin-comments dashicons\"><\/span>\t\t\t\t\tNo Comments\t\t\t\t<\/span>\n\t\t\t\t\t\t<\/div>\n\t\t\t\t\t\t\t<div class='uagb-post__text uagb-post__excerpt'>\n\t\t\t\t\t<p>Feb, 2024 Die eine Unternehmung, die ich in diesem Land unbedingt machen wollte. Wovon ich&#8230;\t\t\t\t<\/div>\n\t\t\t\t\t\t<div class=\"uagb-post__text uagb-post__cta wp-block-button\">\n\t\t\t\t<a class=\"wp-block-button__link uagb-text-link\" style=\"\" href=\"https:\/\/camp-fire-stories.com\/en\/superhelden-tragen-keinen-umhang\/\" target=\"_self\" rel=\"bookmark noopener noreferrer\">Read More<\/a>\n\t\t\t<\/div>\n\t\t\t<\/div>\n\t\t\t\t\t\t\t\t\t<\/article>\n\t\t\t\t\t\t\t\t\t\t\t<\/div>\n\t\t\t\n\n\n<div style=\"height:100px\" aria-hidden=\"true\" class=\"wp-block-spacer\"><\/div>","protected":false},"excerpt":{"rendered":"<p>wenn du mit der Maus auf ein Land f\u00e4hrst, und &gt;&gt; vorm L\u00e4ndernamen erscheint, dann gibt&#8217;s dazu einen Post &#8211; [&hellip;]<\/p>\n","protected":false},"author":1,"featured_media":0,"parent":107,"menu_order":0,"comment_status":"closed","ping_status":"closed","template":"","meta":{"_uag_custom_page_level_css":"","_monsterinsights_skip_tracking":false,"_monsterinsights_sitenote_active":false,"_monsterinsights_sitenote_note":"","_monsterinsights_sitenote_category":0,"site-sidebar-layout":"default","site-content-layout":"","ast-site-content-layout":"default","site-content-style":"default","site-sidebar-style":"default","ast-global-header-display":"","ast-banner-title-visibility":"","ast-main-header-display":"","ast-hfb-above-header-display":"","ast-hfb-below-header-display":"","ast-hfb-mobile-header-display":"","site-post-title":"disabled","ast-breadcrumbs-content":"","ast-featured-img":"","footer-sml-layout":"","ast-disable-related-posts":"","theme-transparent-header-meta":"","adv-header-id-meta":"","stick-header-meta":"","header-above-stick-meta":"","header-main-stick-meta":"","header-below-stick-meta":"","astra-migrate-meta-layouts":"set","ast-page-background-enabled":"default","ast-page-background-meta":{"desktop":{"background-color":"var(--ast-global-color-4)","background-image":"","background-repeat":"repeat","background-position":"center center","background-size":"auto","background-attachment":"scroll","background-type":"","background-media":"","overlay-type":"","overlay-color":"","overlay-opacity":"","overlay-gradient":""},"tablet":{"background-color":"","background-image":"","background-repeat":"repeat","background-position":"center center","background-size":"auto","background-attachment":"scroll","background-type":"","background-media":"","overlay-type":"","overlay-color":"","overlay-opacity":"","overlay-gradient":""},"mobile":{"background-color":"","background-image":"","background-repeat":"repeat","background-position":"center center","background-size":"auto","background-attachment":"scroll","background-type":"","background-media":"","overlay-type":"","overlay-color":"","overlay-opacity":"","overlay-gradient":""}},"ast-content-background-meta":{"desktop":{"background-color":"var(--ast-global-color-5)","background-image":"","background-repeat":"repeat","background-position":"center center","background-size":"auto","background-attachment":"scroll","background-type":"","background-media":"","overlay-type":"","overlay-color":"","overlay-opacity":"","overlay-gradient":""},"tablet":{"background-color":"var(--ast-global-color-5)","background-image":"","background-repeat":"repeat","background-position":"center center","background-size":"auto","background-attachment":"scroll","background-type":"","background-media":"","overlay-type":"","overlay-color":"","overlay-opacity":"","overlay-gradient":""},"mobile":{"background-color":"var(--ast-global-color-5)","background-image":"","background-repeat":"repeat","background-position":"center center","background-size":"auto","background-attachment":"scroll","background-type":"","background-media":"","overlay-type":"","overlay-color":"","overlay-opacity":"","overlay-gradient":""}},"footnotes":""},"class_list":["post-2267","page","type-page","status-publish","hentry"],"yoast_head":"<!-- This site is optimized with the Yoast SEO plugin v27.4 - https:\/\/yoast.com\/product\/yoast-seo-wordpress\/ -->\n<title>ozeanien - camp-fire-stories<\/title>\n<meta name=\"robots\" content=\"index, follow, max-snippet:-1, max-image-preview:large, max-video-preview:-1\" \/>\n<link rel=\"canonical\" href=\"https:\/\/camp-fire-stories.com\/en\/countries\/oceania\/\" \/>\n<meta property=\"og:locale\" content=\"en_GB\" \/>\n<meta property=\"og:type\" content=\"article\" \/>\n<meta property=\"og:title\" content=\"ozeanien - camp-fire-stories\" \/>\n<meta property=\"og:description\" content=\"wenn du mit der Maus auf ein Land f\u00e4hrst, und &gt;&gt; vorm L\u00e4ndernamen erscheint, dann gibt&#8217;s dazu einen Post &#8211; [&hellip;]\" \/>\n<meta property=\"og:url\" content=\"https:\/\/camp-fire-stories.com\/en\/countries\/oceania\/\" \/>\n<meta property=\"og:site_name\" content=\"camp-fire-stories\" \/>\n<meta property=\"article:modified_time\" content=\"2026-01-16T12:32:45+00:00\" \/>\n<meta name=\"twitter:card\" content=\"summary_large_image\" \/>\n<meta name=\"twitter:label1\" content=\"Estimated reading time\" \/>\n\t<meta name=\"twitter:data1\" content=\"1 minute\" \/>\n<script type=\"application\/ld+json\" class=\"yoast-schema-graph\">{\"@context\":\"https:\\\/\\\/schema.org\",\"@graph\":[{\"@type\":\"WebPage\",\"@id\":\"https:\\\/\\\/camp-fire-stories.com\\\/countries\\\/oceania\\\/\",\"url\":\"https:\\\/\\\/camp-fire-stories.com\\\/countries\\\/oceania\\\/\",\"name\":\"ozeanien - camp-fire-stories\",\"isPartOf\":{\"@id\":\"https:\\\/\\\/camp-fire-stories.com\\\/#website\"},\"datePublished\":\"2024-09-30T15:42:01+00:00\",\"dateModified\":\"2026-01-16T12:32:45+00:00\",\"breadcrumb\":{\"@id\":\"https:\\\/\\\/camp-fire-stories.com\\\/countries\\\/oceania\\\/#breadcrumb\"},\"inLanguage\":\"en-GB\",\"potentialAction\":[{\"@type\":\"ReadAction\",\"target\":[\"https:\\\/\\\/camp-fire-stories.com\\\/countries\\\/oceania\\\/\"]}]},{\"@type\":\"BreadcrumbList\",\"@id\":\"https:\\\/\\\/camp-fire-stories.com\\\/countries\\\/oceania\\\/#breadcrumb\",\"itemListElement\":[{\"@type\":\"ListItem\",\"position\":1,\"name\":\"Start\",\"item\":\"https:\\\/\\\/camp-fire-stories.com\\\/\"},{\"@type\":\"ListItem\",\"position\":2,\"name\":\"l\u00e4nder\",\"item\":\"https:\\\/\\\/camp-fire-stories.com\\\/countries\\\/\"},{\"@type\":\"ListItem\",\"position\":3,\"name\":\"ozeanien\"}]},{\"@type\":\"WebSite\",\"@id\":\"https:\\\/\\\/camp-fire-stories.com\\\/#website\",\"url\":\"https:\\\/\\\/camp-fire-stories.com\\\/\",\"name\":\"camp-fire-stories\",\"description\":\"\",\"publisher\":{\"@id\":\"https:\\\/\\\/camp-fire-stories.com\\\/#\\\/schema\\\/person\\\/f2a9beee6aa3793593d36170442a4aba\"},\"potentialAction\":[{\"@type\":\"SearchAction\",\"target\":{\"@type\":\"EntryPoint\",\"urlTemplate\":\"https:\\\/\\\/camp-fire-stories.com\\\/?s={search_term_string}\"},\"query-input\":{\"@type\":\"PropertyValueSpecification\",\"valueRequired\":true,\"valueName\":\"search_term_string\"}}],\"inLanguage\":\"en-GB\"},{\"@type\":[\"Person\",\"Organization\"],\"@id\":\"https:\\\/\\\/camp-fire-stories.com\\\/#\\\/schema\\\/person\\\/f2a9beee6aa3793593d36170442a4aba\",\"name\":\"celina\",\"image\":{\"@type\":\"ImageObject\",\"inLanguage\":\"en-GB\",\"@id\":\"https:\\\/\\\/camp-fire-stories.com\\\/wp-content\\\/uploads\\\/2024\\\/09\\\/cropped-cropped-logo-1-e1729957804762.webp\",\"url\":\"https:\\\/\\\/camp-fire-stories.com\\\/wp-content\\\/uploads\\\/2024\\\/09\\\/cropped-cropped-logo-1-e1729957804762.webp\",\"contentUrl\":\"https:\\\/\\\/camp-fire-stories.com\\\/wp-content\\\/uploads\\\/2024\\\/09\\\/cropped-cropped-logo-1-e1729957804762.webp\",\"width\":125,\"height\":123,\"caption\":\"celina\"},\"logo\":{\"@id\":\"https:\\\/\\\/camp-fire-stories.com\\\/wp-content\\\/uploads\\\/2024\\\/09\\\/cropped-cropped-logo-1-e1729957804762.webp\"},\"sameAs\":[\"http:\\\/\\\/camp-fire-stories.com\"]}]}<\/script>\n<!-- \/ Yoast SEO plugin. -->","yoast_head_json":{"title":"ozeanien - camp-fire-stories","robots":{"index":"index","follow":"follow","max-snippet":"max-snippet:-1","max-image-preview":"max-image-preview:large","max-video-preview":"max-video-preview:-1"},"canonical":"https:\/\/camp-fire-stories.com\/en\/countries\/oceania\/","og_locale":"en_GB","og_type":"article","og_title":"ozeanien - camp-fire-stories","og_description":"wenn du mit der Maus auf ein Land f\u00e4hrst, und &gt;&gt; vorm L\u00e4ndernamen erscheint, dann gibt&#8217;s dazu einen Post &#8211; [&hellip;]","og_url":"https:\/\/camp-fire-stories.com\/en\/countries\/oceania\/","og_site_name":"camp-fire-stories","article_modified_time":"2026-01-16T12:32:45+00:00","twitter_card":"summary_large_image","twitter_misc":{"Estimated reading time":"1 minute"},"schema":{"@context":"https:\/\/schema.org","@graph":[{"@type":"WebPage","@id":"https:\/\/camp-fire-stories.com\/countries\/oceania\/","url":"https:\/\/camp-fire-stories.com\/countries\/oceania\/","name":"ozeanien - camp-fire-stories","isPartOf":{"@id":"https:\/\/camp-fire-stories.com\/#website"},"datePublished":"2024-09-30T15:42:01+00:00","dateModified":"2026-01-16T12:32:45+00:00","breadcrumb":{"@id":"https:\/\/camp-fire-stories.com\/countries\/oceania\/#breadcrumb"},"inLanguage":"en-GB","potentialAction":[{"@type":"ReadAction","target":["https:\/\/camp-fire-stories.com\/countries\/oceania\/"]}]},{"@type":"BreadcrumbList","@id":"https:\/\/camp-fire-stories.com\/countries\/oceania\/#breadcrumb","itemListElement":[{"@type":"ListItem","position":1,"name":"Start","item":"https:\/\/camp-fire-stories.com\/"},{"@type":"ListItem","position":2,"name":"l\u00e4nder","item":"https:\/\/camp-fire-stories.com\/countries\/"},{"@type":"ListItem","position":3,"name":"ozeanien"}]},{"@type":"WebSite","@id":"https:\/\/camp-fire-stories.com\/#website","url":"https:\/\/camp-fire-stories.com\/","name":"camp-fire-stories","description":"","publisher":{"@id":"https:\/\/camp-fire-stories.com\/#\/schema\/person\/f2a9beee6aa3793593d36170442a4aba"},"potentialAction":[{"@type":"SearchAction","target":{"@type":"EntryPoint","urlTemplate":"https:\/\/camp-fire-stories.com\/?s={search_term_string}"},"query-input":{"@type":"PropertyValueSpecification","valueRequired":true,"valueName":"search_term_string"}}],"inLanguage":"en-GB"},{"@type":["Person","Organization"],"@id":"https:\/\/camp-fire-stories.com\/#\/schema\/person\/f2a9beee6aa3793593d36170442a4aba","name":"celina","image":{"@type":"ImageObject","inLanguage":"en-GB","@id":"https:\/\/camp-fire-stories.com\/wp-content\/uploads\/2024\/09\/cropped-cropped-logo-1-e1729957804762.webp","url":"https:\/\/camp-fire-stories.com\/wp-content\/uploads\/2024\/09\/cropped-cropped-logo-1-e1729957804762.webp","contentUrl":"https:\/\/camp-fire-stories.com\/wp-content\/uploads\/2024\/09\/cropped-cropped-logo-1-e1729957804762.webp","width":125,"height":123,"caption":"celina"},"logo":{"@id":"https:\/\/camp-fire-stories.com\/wp-content\/uploads\/2024\/09\/cropped-cropped-logo-1-e1729957804762.webp"},"sameAs":["http:\/\/camp-fire-stories.com"]}]}},"uagb_featured_image_src":{"full":false,"thumbnail":false,"medium":false,"medium_large":false,"large":false,"1536x1536":false,"2048x2048":false,"trp-custom-language-flag":false},"uagb_author_info":{"display_name":"celina","author_link":"https:\/\/camp-fire-stories.com\/en\/author\/celinafetzgmail-com\/"},"uagb_comment_info":0,"uagb_excerpt":"wenn du mit der Maus auf ein Land f\u00e4hrst, und &gt;&gt; vorm L\u00e4ndernamen erscheint, dann gibt&#8217;s dazu einen Post &#8211; [&hellip;]","_links":{"self":[{"href":"https:\/\/camp-fire-stories.com\/en\/wp-json\/wp\/v2\/pages\/2267","targetHints":{"allow":["GET"]}}],"collection":[{"href":"https:\/\/camp-fire-stories.com\/en\/wp-json\/wp\/v2\/pages"}],"about":[{"href":"https:\/\/camp-fire-stories.com\/en\/wp-json\/wp\/v2\/types\/page"}],"author":[{"embeddable":true,"href":"https:\/\/camp-fire-stories.com\/en\/wp-json\/wp\/v2\/users\/1"}],"replies":[{"embeddable":true,"href":"https:\/\/camp-fire-stories.com\/en\/wp-json\/wp\/v2\/comments?post=2267"}],"version-history":[{"count":3,"href":"https:\/\/camp-fire-stories.com\/en\/wp-json\/wp\/v2\/pages\/2267\/revisions"}],"predecessor-version":[{"id":3198,"href":"https:\/\/camp-fire-stories.com\/en\/wp-json\/wp\/v2\/pages\/2267\/revisions\/3198"}],"up":[{"embeddable":true,"href":"https:\/\/camp-fire-stories.com\/en\/wp-json\/wp\/v2\/pages\/107"}],"wp:attachment":[{"href":"https:\/\/camp-fire-stories.com\/en\/wp-json\/wp\/v2\/media?parent=2267"}],"curies":[{"name":"wp","href":"https:\/\/api.w.org\/{rel}","templated":true}]}}